{"id":1210,"date":"2018-01-08T18:22:31","date_gmt":"2018-01-08T17:22:31","guid":{"rendered":"http:\/\/sybilledemgh.com\/?post_type=product&#038;p=1210"},"modified":"2019-08-23T11:38:39","modified_gmt":"2019-08-23T09:38:39","slug":"voyance-1h","status":"publish","type":"product","link":"https:\/\/sybilledemgh.com\/index.php\/product\/voyance-1h\/","title":{"rendered":"Voyance 1h"},"content":{"rendered":"<p>Voyance tr\u00e8s utile pour aborder soit un th\u00e8me en profondeur soit plusieurs questions.<br \/>\nVous pouvez me contacter par mail, pour toute information compl\u00e9mentaire.<br \/>\nConsultation en cabinet\/t\u00e9l\u00e9phone\/vid\u00e9o\/tchat.<\/p>\n<p><em data-rich-text-format-boundary=\"true\">Vous pouvez me communiquer votre demande et vos disponibilit\u00e9s dans le cadre \u00ab\u00a0Informations compl\u00e9mentaires \/ Note de commande\u00a0\u00bb en haut \u00e0 droite du formulaire de commande. Nous conviendrons ensemble des modalit\u00e9s de la consultation suivant nos disponibilit\u00e9s communes. Bien \u00e0 vous.<\/em><\/p>\n","protected":false},"excerpt":{"rendered":"<p>Consultation d&rsquo;une heure.<\/p>\n","protected":false},"featured_media":1163,"comment_status":"closed","ping_status":"closed","template":"","meta":{"advanced_seo_description":"","jetpack_seo_html_title":"","jetpack_seo_noindex":false,"_themeisle_gutenberg_block_has_review":false,"jetpack_post_was_ever_published":false,"jetpack_publicize_message":"","jetpack_publicize_feature_enabled":true,"jetpack_social_post_already_shared":false,"jetpack_social_options":{"image_generator_settings":{"template":"highway","default_image_id":0,"font":"","enabled":false},"version":2}},"product_cat":[98],"product_tag":[147],"class_list":["post-1210","product","type-product","status-publish","has-post-thumbnail","hentry","product_cat-voyance","product_tag-voyance"],"jetpack_publicize_connections":[],"jetpack_sharing_enabled":true,"jetpack_likes_enabled":false,"_links":{"self":[{"href":"https:\/\/sybilledemgh.com\/index.php\/wp-json\/wp\/v2\/product\/1210","targetHints":{"allow":["GET"]}}],"collection":[{"href":"https:\/\/sybilledemgh.com\/index.php\/wp-json\/wp\/v2\/product"}],"about":[{"href":"https:\/\/sybilledemgh.com\/index.php\/wp-json\/wp\/v2\/types\/product"}],"replies":[{"embeddable":true,"href":"https:\/\/sybilledemgh.com\/index.php\/wp-json\/wp\/v2\/comments?post=1210"}],"wp:featuredmedia":[{"embeddable":true,"href":"https:\/\/sybilledemgh.com\/index.php\/wp-json\/wp\/v2\/media\/1163"}],"wp:attachment":[{"href":"https:\/\/sybilledemgh.com\/index.php\/wp-json\/wp\/v2\/media?parent=1210"}],"wp:term":[{"taxonomy":"product_cat","embeddable":true,"href":"https:\/\/sybilledemgh.com\/index.php\/wp-json\/wp\/v2\/product_cat?post=1210"},{"taxonomy":"product_tag","embeddable":true,"href":"https:\/\/sybilledemgh.com\/index.php\/wp-json\/wp\/v2\/product_tag?post=1210"}],"curies":[{"name":"wp","href":"https:\/\/api.w.org\/{rel}","templated":true}]}}